{"id":73898,"date":"2015-05-25T15:41:53","date_gmt":"2015-05-25T08:41:53","guid":{"rendered":"https:\/\/structure.thememove.com\/?page_id=73898"},"modified":"2026-04-22T10:52:23","modified_gmt":"2026-04-22T08:52:23","slug":"start","status":"publish","type":"page","link":"https:\/\/zwiazek.org.pl\/","title":{"rendered":"Start"},"content":{"rendered":"<section class=\"wpb-content-wrapper\"><p>[vc_row type=&#8221;full_width&#8221; full_width=&#8221;stretch_row&#8221;][vc_column][rev_slider_vc alias=&#8221;homepage-v2&#8243;][\/vc_column][\/vc_row][vc_row row_type=&#8221;parallax&#8221; el_class=&#8221;certifications align-center&#8221; css=&#8221;.vc_custom_1673792995664{padding-top: 60px !important;padding-bottom: 0px !important;background-color: #ffffff !important;}&#8221;][vc_column][vc_custom_heading text=&#8221;WYBIERAM CERAMIK\u0118&#8221; font_container=&#8221;tag:h2|text_align:left|color:%23111111&#8243; el_class=&#8221;heading-title-3&#8243; link=&#8221;url:http%3A%2F%2Fzwiazek.org.pl%2Findex.php%2Fwybieram-ceramike%2F|title:Wybieram%20ceramik%C4%99&#8243;][\/vc_column][\/vc_row][vc_row row_type=&#8221;parallax&#8221; css=&#8221;.vc_custom_1673793033581{padding-top: 0px !important;padding-bottom: 30px !important;background-color: #ffffff !important;}&#8221;][vc_column][vc_row_inner][vc_column_inner width=&#8221;2\/3&#8243;][vc_column_text]<\/p>\n<div class=\"wpb_text_column wpb_content_element \">\n<div class=\"wpb_wrapper\">\n<p><strong>Dlaczego profesjonali\u015bci wybieraj\u0105 ceramik\u0119? Co czyni j\u0105 materia\u0142em wartym polecenia? Jakie cechy ceramiki sprawiaj\u0105, \u017ce jest wykorzystywana od staro\u017cytno\u015bci?<\/strong><\/p>\n<p>Poprosili\u015bmy uznanych architekt\u00f3w i deweloper\u00f3w, mi\u0142o\u015bnik\u00f3w ceramiki, autor\u00f3w najpi\u0119kniejszych budynk\u00f3w z wykorzystaniem ceramiki o podzielenie si\u0119 refleksj\u0105 na temat w\u0142a\u015bciwo\u015bci ceramiki.<\/p>\n<p>W swoich opowie\u015bciach poprowadz\u0105 nas przez \u015bwiat ceramiki \u2013 od jej niezwyk\u0142ych w\u0142a\u015bciwo\u015bci technicznych po wyj\u0105tkowe walory estetyczne. Zapraszamy do obejrzenia fascynuj\u0105cych opowie\u015bci o ceramice, czy jak m\u00f3wi jeden z naszych bohater\u00f3w \u201earch-materiale\u201d.<\/p>\n<p>&nbsp;<\/p>\n<\/div>\n<\/div>\n<p>[\/vc_column_text][vc_empty_space][\/vc_column_inner][vc_column_inner width=&#8221;1\/3&#8243;][vc_gallery type=&#8221;flexslider_slide&#8221; interval=&#8221;10&#8243; images=&#8221;75747,75746,75745,75744,75742,75748&#8243; img_size=&#8221;medium&#8221; onclick=&#8221;custom_link&#8221; custom_links=&#8221;#E-8_aHR0cCUzQSUyRiUyRnp3aWF6ZWsub3JnLnBsJTJGaW5kZXgucGhwJTJGd3liaWVyYW0tY2VyYW1pa2UlMkYlMkNodHRwJTNBJTJGJTJGendpYXplay5vcmcucGwlMkZpbmRleC5waHAlMkZ3eWJpZXJhbS1jZXJhbWlrZSUyRiUyQ2h0dHAlM0ElMkYlMkZ6d2lhemVrLm9yZy5wbCUyRmluZGV4LnBocCUyRnd5YmllcmFtLWNlcmFtaWtlJTJGJTJDaHR0cCUzQSUyRiUyRnp3aWF6ZWsub3JnLnBsJTJGaW5kZXgucGhwJTJGd3liaWVyYW0tY2VyYW1pa2UlMkYlMkNodHRwJTNBJTJGJTJGendpYXplay5vcmcucGwlMkZpbmRleC5waHAlMkZ3eWJpZXJhbS1jZXJhbWlrZSUyRiUyQ2h0dHAlM0ElMkYlMkZ6d2lhemVrLm9yZy5wbCUyRmluZGV4LnBocCUyRnd5YmllcmFtLWNlcmFtaWtlJTJGJTJDaHR0cCUzQSUyRiUyRnp3aWF6ZWsub3JnLnBsJTJGaW5kZXgucGhwJTJGd3liaWVyYW0tY2VyYW1pa2UlMkYlMkNodHRwJTNBJTJGJTJGendpYXplay5vcmcucGwlMkZpbmRleC5waHAlMkZ3eWJpZXJhbS1jZXJhbWlrZSUyRg==&#8221;][vc_empty_space][\/vc_column_inner][\/vc_row_inner][vc_btn title=&#8221;WYBIERAM CERAMIK\u0118&#8221; style=&#8221;flat&#8221; shape=&#8221;round&#8221; color=&#8221;inverse&#8221; size=&#8221;lg&#8221; align=&#8221;center&#8221; link=&#8221;url:https%3A%2F%2Fzwiazek.org.pl%2Findex.php%2Fwybieram-ceramike-2%2F|title:Wybieram%20ceramik%C4%99&#8243;][vc_empty_space][vc_row_inner][vc_column_inner][\/vc_column_inner][\/vc_row_inner][\/vc_column][\/vc_row][vc_row type=&#8221;full_width&#8221; full_width=&#8221;stretch_row_content&#8221; css=&#8221;.vc_custom_1673793404204{margin-bottom: 0px !important;padding-top: 20px !important;background-color: #555555 !important;}&#8221;][vc_column width=&#8221;2\/3&#8243;][vc_custom_heading text=&#8221;POZNAJ W\u0141A\u015aCIWO\u015aCI CERAMIKI. PRZECZYTAJ PUBLIKACJ\u0118 &#8222;CERAMIKA W BUDOWNICTWIE&#8222;&#8221; font_container=&#8221;tag:h3|font_size:22|text_align:center|color:%23ffffff&#8221;][\/vc_column][vc_column width=&#8221;1\/3&#8243;][vc_btn title=&#8221;POBIERZ E-BOOK&#8221; style=&#8221;classic&#8221; shape=&#8221;round&#8221; color=&#8221;white&#8221; link=&#8221;url:https%3A%2F%2Fpubluu.com%2Fflip-book%2F73560%2F212091|title:CERAMIKA%20W%20BUDOWNICTWIE&#8221;][\/vc_column][\/vc_row][vc_row row_type=&#8221;parallax&#8221; el_class=&#8221;certifications align-center&#8221; css=&#8221;.vc_custom_1673793664800{padding-top: 60px !important;padding-bottom: 0px !important;background-color: #ffffff !important;}&#8221;][vc_column][vc_custom_heading text=&#8221;KONKURS ARCHITEKTURY CEGLANEJ&#8221; font_container=&#8221;tag:h2|text_align:left|color:%23111111&#8243; el_class=&#8221;heading-title-3&#8243; css=&#8221;.vc_custom_1673793689215{padding-top: 20px !important;}&#8221;][\/vc_column][\/vc_row][vc_row row_type=&#8221;parallax&#8221; css=&#8221;.vc_custom_1673793701327{padding-top: 0px !important;padding-bottom: 60px !important;background-color: #ffffff !important;}&#8221;][vc_column][vc_row_inner][vc_column_inner width=&#8221;1\/2&#8243;][vc_empty_space][vc_column_text]W ramach promocji ceramiki budowlanej Zwi\u0105zek organizuje KONKURS ARCHITEKTURY CEGLANEJ.<\/p>\n<p>Celem konkursu jest przybli\u017cenie architektury ceglanej studentom kierunk\u00f3w architektonicznych uczelni wy\u017cszych i pokazanie ich umiej\u0119tno\u015bci w zakresie projektowania architektonicznego z wykorzystaniem wyrob\u00f3w klinkierowych na elewacji oraz budowanie \u015bwiadomo\u015bci pi\u0119kna architektury ceglanej.<\/p>\n<p>Nagrody w konkursie przyznawane s\u0105 w 2 kategoriach: Dom jednorodzinny oraz Budownictwo przysz\u0142o\u015bci. Nagrodzonym przyznawane jest 6 nagr\u00f3d pieni\u0119\u017cnych. Dodatkowo na zwyci\u0119zc\u00f3w ka\u017cdej z dw\u00f3ch kategorii czeka p\u0142atny sta\u017c w renomowanym biurze projektowym.[\/vc_column_text][\/vc_column_inner][vc_column_inner width=&#8221;1\/2&#8243;][vc_custom_heading text=&#8221;ZWYCI\u0118ZCY VII EDYCJI&#8221; font_container=&#8221;tag:h2|text_align:center&#8221; link=&#8221;url:http%3A%2F%2Fzwiazek.org.pl%2Findex.php%2Fkonkurs-2%2F|title:Konkurs&#8221; el_class=&#8221;heading-title-1&#8243;][vc_masonry_media_grid style=&#8221;lazy&#8221; item=&#8221;masonryMedia_SlideTop&#8221; initial_loading_animation=&#8221;fadeIn&#8221; grid_id=&#8221;vc_gid:1776847928410-7158e3cc-5808-4&#8243; include=&#8221;76114,76115,76116,76117,76118,76119,76120,76121,76122,76123&#8243;][\/vc_column_inner][\/vc_row_inner][vc_empty_space][vc_btn title=&#8221;KONKURS ARCHITEKTURY CEGLANEJ&#8221; style=&#8221;classic&#8221; shape=&#8221;round&#8221; color=&#8221;inverse&#8221; size=&#8221;lg&#8221; align=&#8221;center&#8221; link=&#8221;url:http%3A%2F%2Fzwiazek.org.pl%2Findex.php%2Fkonkurs-2%2F|title:Konkurs&#8221;][vc_empty_space][\/vc_column][\/vc_row][vc_row row_type=&#8221;parallax&#8221; background_image=&#8221;http:\/\/zwiazek.org.pl\/wp-content\/uploads\/2023\/01\/ChemiaUJ.jpeg&#8221; el_class=&#8221;certifications align-center&#8221; css=&#8221;.vc_custom_1673793739194{padding-top: 60px !important;padding-bottom: 60px !important;}&#8221;][vc_column][vc_custom_heading text=&#8221;KWARTALNIK &#8222;CERAMIKA BUDOWLANA&#8222;&#8221; font_container=&#8221;tag:h2|text_align:left|color:%23111111&#8243; el_class=&#8221;heading-title-3&#8243; css=&#8221;.vc_custom_1673323134336{background-color: #ffffff !important;}&#8221;][\/vc_column][\/vc_row][vc_row row_type=&#8221;parallax&#8221; background_image=&#8221;http:\/\/zwiazek.org.pl\/wp-content\/uploads\/2023\/01\/ChemiaUJ.jpeg&#8221; el_class=&#8221;certifications align-center&#8221; css=&#8221;.vc_custom_1673793777526{padding-top: 0px !important;padding-bottom: 60px !important;}&#8221;][vc_column][vc_row_inner el_class=&#8221;align-center&#8221;][vc_column_inner css=&#8221;.vc_custom_1673323078223{background-color: #ffffff !important;}&#8221;][vc_column_text css=&#8221;.vc_custom_1673323161888{margin-bottom: 50px !important;}&#8221;]To czasopismo z ogromnymi tradycjami na rynku budowlanym i wydawniczym. Nie pojawi\u0142o si\u0119 jak efemeryda, by zaistnie\u0107 i szybko znikn\u0105\u0107 z rynku. Jest jednym z najstarszych tytu\u0142\u00f3w w\u015br\u00f3d czasopism budowlanych o okre\u015blonej tematyce i formule merytorycznej.<br \/>\nJu\u017c ponad 50 lat promujemy ceg\u0142\u0119 i wyroby ceramiczne, przede wszystkim naszych producent\u00f3w. Ale nie tylko. Wiele piszemy na naszych \u0142amach o badaniach i osi\u0105gni\u0119ciach nauki. A tak\u017ce o osi\u0105gni\u0119ciach naukowych w tej dziedzinie na \u015bwiecie. Pokazujemy wyroby ceramiczne jako najlepszy i najstarszy materia\u0142 do budowania. To nasz podstawy cel.<br \/>\nWiele informacji na naszych \u0142amach skierowane jest do ludzi buduj\u0105cych lub zamierzaj\u0105cych budowa\u0107 sw\u00f3j dom. W publikacjach staramy si\u0119 pokazywa\u0107 ceg\u0142\u0119 i jej wiekowe tradycje na ziemiach Polski i na \u015bwiecie, jej ogromne mo\u017cliwo\u015bci wykorzystania w architekturze, a przede wszystkim praktyczne wykorzystanie wyrob\u00f3w ceramicznych na budowie. Dawniej i dzi\u015b. W licznych naukowych opracowaniach, jakie mo\u017cna znale\u017a\u0107 na naszych \u0142amach pokazujemy osi\u0105gni\u0119cia w technologii produkcji ceramiki i najnowsze badania oraz szeroki asortyment wyrob\u00f3w. To ma pom\u00f3c inwestorom w podejmowaniu w\u0142a\u015bciwych decyzji przed budow\u0105 domu i w trakcje jego etap\u00f3w.<br \/>\nNaszymi autorami s\u0105 naukowcy z wielu uczelni w Polsce, kt\u00f3rzy dziel\u0105 si\u0119 swoj\u0105 wiedz\u0105 i praktycy z firm wykonawczych, kt\u00f3rzy ten materia\u0142 stosuj\u0105 na budowie. I jedni i drudzy znaj\u0105 zalety ceramiki i jej szerokie mo\u017cliwo\u015bci zastosowania. Z t\u0105 wiedz\u0105 i do\u015bwiadczeniem staramy si\u0119, jako zesp\u00f3\u0142 redakcyjny, dociera\u0107 do Czytelnika i pomaga\u0107 mu w podejmowaniu decyzji przed budow\u0105 domu. Pokazujemy deweloper\u00f3w, kt\u00f3rzy \u015bwiadomie wybrali ceramik\u0119 i z niej buduj\u0105 domy. Zbieramy liczne opinie ludzi, kt\u00f3rzy zbudowali dom z ceramiki i tak\u017ce pragn\u0105 podzieli\u0107 si\u0119 sw\u0105 wiedz\u0105 na ten temat.[\/vc_column_text][\/vc_column_inner][\/vc_row_inner][vc_empty_space][vc_btn title=&#8221;ZOBACZ KWARTALNIK&#8221; style=&#8221;classic&#8221; shape=&#8221;round&#8221; color=&#8221;white&#8221; size=&#8221;lg&#8221; align=&#8221;center&#8221; link=&#8221;url:http%3A%2F%2Fzwiazek.org.pl%2Findex.php%2Fkwartalnik-ceramika-budowlana%2F|title:Konkurs&#8221; css=&#8221;.vc_custom_1733317936500{margin-top: 50px !important;}&#8221;][vc_empty_space][\/vc_column][\/vc_row][vc_row background_color=&#8221;#ffffff&#8221; el_class=&#8221;certifications align-center&#8221; css=&#8221;.vc_custom_1673317984933{padding-top: 60px !important;padding-bottom: 60px !important;background-color: #e2e2e2 !important;}&#8221;][vc_column][vc_custom_heading text=&#8221;CZ\u0141ONKOWIE ZWI\u0104ZKU&#8221; font_container=&#8221;tag:h2|text_align:left|color:%23111111&#8243; el_class=&#8221;heading-title-3&#8243;][vc_row_inner el_class=&#8221;align-center&#8221;][vc_column_inner width=&#8221;1\/5&#8243;][vc_column_text]<\/p>\n<h3><a href=\"https:\/\/www.cekobud.pl\/\"><strong><img loading=\"lazy\" decoding=\"async\" class=\"alignnone size-full wp-image-75632\" src=\"http:\/\/zwiazek.org.pl\/wp-content\/uploads\/2023\/01\/1.png\" alt=\"\" width=\"200\" height=\"100\" \/><\/strong><\/a><\/h3>\n<p>[\/vc_column_text][\/vc_column_inner][vc_column_inner width=&#8221;1\/5&#8243;][vc_column_text]<\/p>\n<h3><a href=\"https:\/\/kingklinker.com\/\" target=\"_blank\" rel=\"noopener\"><img loading=\"lazy\" decoding=\"async\" class=\"alignnone size-full wp-image-76199\" src=\"http:\/\/zwiazek.org.pl\/wp-content\/uploads\/2025\/01\/King-Klinker-logo-WEB-260x132px-new.png\" alt=\"\" width=\"260\" height=\"132\" \/><\/a><\/h3>\n<p>[\/vc_column_text][\/vc_column_inner][vc_column_inner width=&#8221;1\/5&#8243;][vc_column_text]<\/p>\n<h3><a href=\"https:\/\/klinkier.pl\/\"><img loading=\"lazy\" decoding=\"async\" class=\"alignnone size-full wp-image-76241\" src=\"http:\/\/zwiazek.org.pl\/wp-content\/uploads\/2025\/05\/lodgenew2.png\" alt=\"\" width=\"200\" height=\"100\" \/><\/a><\/h3>\n<p>[\/vc_column_text][\/vc_column_inner][vc_column_inner width=&#8221;1\/5&#8243;][vc_column_text]<a href=\"https:\/\/www.swissporton.pl\/\"><img loading=\"lazy\" decoding=\"async\" class=\"alignnone wp-image-76508\" src=\"http:\/\/zwiazek.org.pl\/wp-content\/uploads\/2026\/04\/CSR-300x169.png\" alt=\"\" width=\"200\" height=\"113\" srcset=\"https:\/\/zwiazek.org.pl\/wp-content\/uploads\/2026\/04\/CSR-300x169.png 300w, https:\/\/zwiazek.org.pl\/wp-content\/uploads\/2026\/04\/CSR-1024x576.png 1024w, https:\/\/zwiazek.org.pl\/wp-content\/uploads\/2026\/04\/CSR-768x432.png 768w, https:\/\/zwiazek.org.pl\/wp-content\/uploads\/2026\/04\/CSR.png 1440w\" sizes=\"auto, (max-width: 200px) 100vw, 200px\" \/><\/a>[\/vc_column_text][\/vc_column_inner][vc_column_inner width=&#8221;1\/5&#8243;][vc_column_text]<\/p>\n<h3><a href=\"https:\/\/wienerberger.pl\"><strong><img loading=\"lazy\" decoding=\"async\" class=\"alignnone size-full wp-image-75640\" src=\"http:\/\/zwiazek.org.pl\/wp-content\/uploads\/2023\/01\/wienerbergernew.png\" alt=\"\" width=\"200\" height=\"100\" \/><\/strong><\/a><\/h3>\n<p>[\/vc_column_text][\/vc_column_inner][\/vc_row_inner][vc_empty_space][vc_row_inner el_class=&#8221;align-center&#8221;][vc_column_inner width=&#8221;1\/5&#8243;][vc_column_text]<\/p>\n<h3><a href=\"https:\/\/klinkier.pl\/\"><img loading=\"lazy\" decoding=\"async\" class=\"alignnone size-full wp-image-76203\" src=\"http:\/\/zwiazek.org.pl\/wp-content\/uploads\/2025\/01\/4-1new2.png\" alt=\"\" width=\"260\" height=\"132\" \/><\/a><\/h3>\n<p>[\/vc_column_text][\/vc_column_inner][vc_column_inner width=&#8221;1\/5&#8243;][vc_column_text]<\/p>\n<h3><a href=\"https:\/\/www.cerpol.com.pl\/\"><img loading=\"lazy\" decoding=\"async\" class=\"alignnone size-full wp-image-76205\" src=\"http:\/\/zwiazek.org.pl\/wp-content\/uploads\/2025\/01\/6new.png\" alt=\"\" width=\"200\" height=\"100\" \/><\/a><\/h3>\n<p>[\/vc_column_text][\/vc_column_inner][vc_column_inner width=&#8221;1\/5&#8243;][vc_column_text]<\/p>\n<h3><a href=\"https:\/\/termoton.pl\/\"><img loading=\"lazy\" decoding=\"async\" class=\"align none size-medium wp-image-76370\" src=\"http:\/\/zwiazek.org.pl\/wp-content\/uploads\/2025\/10\/Projekt-bez-nazwy-300x169.png\" alt=\"\" width=\"300\" height=\"169\" srcset=\"https:\/\/zwiazek.org.pl\/wp-content\/uploads\/2025\/10\/Projekt-bez-nazwy-300x169.png 300w, https:\/\/zwiazek.org.pl\/wp-content\/uploads\/2025\/10\/Projekt-bez-nazwy-1024x576.png 1024w, https:\/\/zwiazek.org.pl\/wp-content\/uploads\/2025\/10\/Projekt-bez-nazwy-768x432.png 768w, https:\/\/zwiazek.org.pl\/wp-content\/uploads\/2025\/10\/Projekt-bez-nazwy-1536x864.png 1536w, https:\/\/zwiazek.org.pl\/wp-content\/uploads\/2025\/10\/Projekt-bez-nazwy.png 1920w\" sizes=\"auto, (max-width: 300px) 100vw, 300px\" \/><\/a><\/h3>\n<p>[\/vc_column_text][\/vc_column_inner][vc_column_inner width=&#8221;1\/5&#8243;][vc_column_text]<\/p>\n<h3><a href=\"https:\/\/golowczynski.pl\/kontakt\"><strong><img loading=\"lazy\" decoding=\"async\" class=\"alignnone size-full wp-image-75639\" src=\"http:\/\/zwiazek.org.pl\/wp-content\/uploads\/2023\/01\/8.png\" alt=\"\" width=\"200\" height=\"100\" \/><\/strong><\/a><\/h3>\n<p>[\/vc_column_text][\/vc_column_inner][vc_column_inner width=&#8221;1\/5&#8243;][vc_column_text]<\/p>\n<h3><a href=\"https:\/\/www.cegielniastopka.pl\"><strong><img loading=\"lazy\" decoding=\"async\" class=\"alignnone size-full wp-image-75641\" src=\"http:\/\/zwiazek.org.pl\/wp-content\/uploads\/2023\/01\/10.png\" alt=\"\" width=\"200\" height=\"100\" \/><\/strong><\/a><\/h3>\n<p>[\/vc_column_text][\/vc_column_inner][\/vc_row_inner][vc_empty_space][\/vc_column][\/vc_row]<\/p>\n<\/section>","protected":false},"excerpt":{"rendered":"<p>[vc_row type=&#8221;full_width&#8221; full_width=&#8221;stretch_row&#8221;][vc_column][rev_slider_vc alias=&#8221;homepage-v2&#8243;][\/vc_column][\/vc_row][vc_row row_type=&#8221;parallax&#8221; el_class=&#8221;certifications align-center&#8221; css=&#8221;.vc_custom_1673792995664{padding-top: 60px !important;padding-bottom: 0px !important;background-color: #ffffff !important;}&#8221;][vc_column][vc_custom_heading text=&#8221;WYBIERAM CERAMIK\u0118&#8221; font_container=&#8221;tag:h2|text_align:left|color:%23111111&#8243; el_class=&#8221;heading-title-3&#8243; link=&#8221;url:http%3A%2F%2Fzwiazek.org.pl%2Findex.php%2Fwybieram-ceramike%2F|title:Wybieram%20ceramik%C4%99&#8243;][\/vc_column][\/vc_row][vc_row row_type=&#8221;parallax&#8221; css=&#8221;.vc_custom_1673793033581{padding-top: 0px !important;padding-bottom: 30px !important;background-color: #ffffff !important;}&#8221;][vc_column][vc_row_inner][vc_column_inner width=&#8221;2\/3&#8243;][vc_column_text] Dlaczego profesjonali\u015bci wybieraj\u0105 ceramik\u0119? Co czyni j\u0105 materia\u0142em wartym polecenia? Jakie cechy ceramiki sprawiaj\u0105, \u017ce jest wykorzystywana od staro\u017cytno\u015bci? Poprosili\u015bmy uznanych architekt\u00f3w i deweloper\u00f3w, mi\u0142o\u015bnik\u00f3w ceramiki, autor\u00f3w [&hellip;]<\/p>\n","protected":false},"author":1,"featured_media":0,"parent":0,"menu_order":0,"comment_status":"closed","ping_status":"closed","template":"","meta":{"footnotes":""},"class_list":["post-73898","page","type-page","status-publish","hentry"],"yoast_head":"<!-- This site is optimized with the Yoast SEO plugin v22.7 - https:\/\/yoast.com\/wordpress\/plugins\/seo\/ -->\n<title>Strona g\u0142\u00f3wna - Zwi\u0105zek Pracodawc\u00f3w Ceramiki Budowlanej<\/title>\n<meta name=\"description\" content=\"Zwi\u0105zek Pracodawc\u00f3w Ceramiki Budowlanej to organizacja skupiaj\u0105ca producent\u00f3w ceramiki budowlanej w Polsce.\" \/>\n<meta name=\"robots\" content=\"index, follow, max-snippet:-1, max-image-preview:large, max-video-preview:-1\" \/>\n<link rel=\"canonical\" href=\"https:\/\/zwiazek.org.pl\/\" \/>\n<meta property=\"og:locale\" content=\"pl_PL\" \/>\n<meta property=\"og:type\" content=\"article\" \/>\n<meta property=\"og:title\" content=\"Strona g\u0142\u00f3wna - Zwi\u0105zek Pracodawc\u00f3w Ceramiki Budowlanej\" \/>\n<meta property=\"og:description\" content=\"Zwi\u0105zek Pracodawc\u00f3w Ceramiki Budowlanej to organizacja skupiaj\u0105ca producent\u00f3w ceramiki budowlanej w Polsce.\" \/>\n<meta property=\"og:url\" content=\"https:\/\/zwiazek.org.pl\/\" \/>\n<meta property=\"og:site_name\" content=\"Zwi\u0105zek Pracodawc\u00f3w Ceramiki Budowlanej\" \/>\n<meta property=\"article:modified_time\" content=\"2026-04-22T08:52:23+00:00\" \/>\n<meta property=\"og:image\" content=\"http:\/\/zwiazek.org.pl\/wp-content\/uploads\/2023\/01\/1.png\" \/>\n<meta name=\"twitter:card\" content=\"summary_large_image\" \/>\n<meta name=\"twitter:label1\" content=\"Szacowany czas czytania\" \/>\n\t<meta name=\"twitter:data1\" content=\"8 minut\" \/>\n<script type=\"application\/ld+json\" class=\"yoast-schema-graph\">{\"@context\":\"https:\/\/schema.org\",\"@graph\":[{\"@type\":\"WebPage\",\"@id\":\"https:\/\/zwiazek.org.pl\/\",\"url\":\"https:\/\/zwiazek.org.pl\/\",\"name\":\"Strona g\u0142\u00f3wna - Zwi\u0105zek Pracodawc\u00f3w Ceramiki Budowlanej\",\"isPartOf\":{\"@id\":\"http:\/\/zwiazek.org.pl\/#website\"},\"primaryImageOfPage\":{\"@id\":\"https:\/\/zwiazek.org.pl\/#primaryimage\"},\"image\":{\"@id\":\"https:\/\/zwiazek.org.pl\/#primaryimage\"},\"thumbnailUrl\":\"http:\/\/zwiazek.org.pl\/wp-content\/uploads\/2023\/01\/1.png\",\"datePublished\":\"2015-05-25T08:41:53+00:00\",\"dateModified\":\"2026-04-22T08:52:23+00:00\",\"description\":\"Zwi\u0105zek Pracodawc\u00f3w Ceramiki Budowlanej to organizacja skupiaj\u0105ca producent\u00f3w ceramiki budowlanej w Polsce.\",\"breadcrumb\":{\"@id\":\"https:\/\/zwiazek.org.pl\/#breadcrumb\"},\"inLanguage\":\"pl-PL\",\"potentialAction\":[{\"@type\":\"ReadAction\",\"target\":[\"https:\/\/zwiazek.org.pl\/\"]}]},{\"@type\":\"ImageObject\",\"inLanguage\":\"pl-PL\",\"@id\":\"https:\/\/zwiazek.org.pl\/#primaryimage\",\"url\":\"https:\/\/zwiazek.org.pl\/wp-content\/uploads\/2023\/01\/1.png\",\"contentUrl\":\"https:\/\/zwiazek.org.pl\/wp-content\/uploads\/2023\/01\/1.png\",\"width\":200,\"height\":100},{\"@type\":\"BreadcrumbList\",\"@id\":\"https:\/\/zwiazek.org.pl\/#breadcrumb\",\"itemListElement\":[{\"@type\":\"ListItem\",\"position\":1,\"name\":\"Strona g\u0142\u00f3wna\",\"item\":\"https:\/\/zwiazek.org.pl\/\"},{\"@type\":\"ListItem\",\"position\":2,\"name\":\"Start\"}]},{\"@type\":\"WebSite\",\"@id\":\"http:\/\/zwiazek.org.pl\/#website\",\"url\":\"http:\/\/zwiazek.org.pl\/\",\"name\":\"Zwi\u0105zek Pracodawc\u00f3w Ceramiki Budowlanej\",\"description\":\"\",\"potentialAction\":[{\"@type\":\"SearchAction\",\"target\":{\"@type\":\"EntryPoint\",\"urlTemplate\":\"http:\/\/zwiazek.org.pl\/?s={search_term_string}\"},\"query-input\":\"required name=search_term_string\"}],\"inLanguage\":\"pl-PL\"}]}<\/script>\n<!-- \/ Yoast SEO plugin. -->","yoast_head_json":{"title":"Strona g\u0142\u00f3wna - Zwi\u0105zek Pracodawc\u00f3w Ceramiki Budowlanej","description":"Zwi\u0105zek Pracodawc\u00f3w Ceramiki Budowlanej to organizacja skupiaj\u0105ca producent\u00f3w ceramiki budowlanej w Polsce.","robots":{"index":"index","follow":"follow","max-snippet":"max-snippet:-1","max-image-preview":"max-image-preview:large","max-video-preview":"max-video-preview:-1"},"canonical":"https:\/\/zwiazek.org.pl\/","og_locale":"pl_PL","og_type":"article","og_title":"Strona g\u0142\u00f3wna - Zwi\u0105zek Pracodawc\u00f3w Ceramiki Budowlanej","og_description":"Zwi\u0105zek Pracodawc\u00f3w Ceramiki Budowlanej to organizacja skupiaj\u0105ca producent\u00f3w ceramiki budowlanej w Polsce.","og_url":"https:\/\/zwiazek.org.pl\/","og_site_name":"Zwi\u0105zek Pracodawc\u00f3w Ceramiki Budowlanej","article_modified_time":"2026-04-22T08:52:23+00:00","og_image":[{"url":"http:\/\/zwiazek.org.pl\/wp-content\/uploads\/2023\/01\/1.png"}],"twitter_card":"summary_large_image","twitter_misc":{"Szacowany czas czytania":"8 minut"},"schema":{"@context":"https:\/\/schema.org","@graph":[{"@type":"WebPage","@id":"https:\/\/zwiazek.org.pl\/","url":"https:\/\/zwiazek.org.pl\/","name":"Strona g\u0142\u00f3wna - Zwi\u0105zek Pracodawc\u00f3w Ceramiki Budowlanej","isPartOf":{"@id":"http:\/\/zwiazek.org.pl\/#website"},"primaryImageOfPage":{"@id":"https:\/\/zwiazek.org.pl\/#primaryimage"},"image":{"@id":"https:\/\/zwiazek.org.pl\/#primaryimage"},"thumbnailUrl":"http:\/\/zwiazek.org.pl\/wp-content\/uploads\/2023\/01\/1.png","datePublished":"2015-05-25T08:41:53+00:00","dateModified":"2026-04-22T08:52:23+00:00","description":"Zwi\u0105zek Pracodawc\u00f3w Ceramiki Budowlanej to organizacja skupiaj\u0105ca producent\u00f3w ceramiki budowlanej w Polsce.","breadcrumb":{"@id":"https:\/\/zwiazek.org.pl\/#breadcrumb"},"inLanguage":"pl-PL","potentialAction":[{"@type":"ReadAction","target":["https:\/\/zwiazek.org.pl\/"]}]},{"@type":"ImageObject","inLanguage":"pl-PL","@id":"https:\/\/zwiazek.org.pl\/#primaryimage","url":"https:\/\/zwiazek.org.pl\/wp-content\/uploads\/2023\/01\/1.png","contentUrl":"https:\/\/zwiazek.org.pl\/wp-content\/uploads\/2023\/01\/1.png","width":200,"height":100},{"@type":"BreadcrumbList","@id":"https:\/\/zwiazek.org.pl\/#breadcrumb","itemListElement":[{"@type":"ListItem","position":1,"name":"Strona g\u0142\u00f3wna","item":"https:\/\/zwiazek.org.pl\/"},{"@type":"ListItem","position":2,"name":"Start"}]},{"@type":"WebSite","@id":"http:\/\/zwiazek.org.pl\/#website","url":"http:\/\/zwiazek.org.pl\/","name":"Zwi\u0105zek Pracodawc\u00f3w Ceramiki Budowlanej","description":"","potentialAction":[{"@type":"SearchAction","target":{"@type":"EntryPoint","urlTemplate":"http:\/\/zwiazek.org.pl\/?s={search_term_string}"},"query-input":"required name=search_term_string"}],"inLanguage":"pl-PL"}]}},"_links":{"self":[{"href":"https:\/\/zwiazek.org.pl\/index.php\/wp-json\/wp\/v2\/pages\/73898","targetHints":{"allow":["GET"]}}],"collection":[{"href":"https:\/\/zwiazek.org.pl\/index.php\/wp-json\/wp\/v2\/pages"}],"about":[{"href":"https:\/\/zwiazek.org.pl\/index.php\/wp-json\/wp\/v2\/types\/page"}],"author":[{"embeddable":true,"href":"https:\/\/zwiazek.org.pl\/index.php\/wp-json\/wp\/v2\/users\/1"}],"replies":[{"embeddable":true,"href":"https:\/\/zwiazek.org.pl\/index.php\/wp-json\/wp\/v2\/comments?post=73898"}],"version-history":[{"count":109,"href":"https:\/\/zwiazek.org.pl\/index.php\/wp-json\/wp\/v2\/pages\/73898\/revisions"}],"predecessor-version":[{"id":76517,"href":"https:\/\/zwiazek.org.pl\/index.php\/wp-json\/wp\/v2\/pages\/73898\/revisions\/76517"}],"wp:attachment":[{"href":"https:\/\/zwiazek.org.pl\/index.php\/wp-json\/wp\/v2\/media?parent=73898"}],"curies":[{"name":"wp","href":"https:\/\/api.w.org\/{rel}","templated":true}]}}