{"id":76489,"date":"2026-04-08T09:30:15","date_gmt":"2026-04-08T07:30:15","guid":{"rendered":"https:\/\/zwiazek.org.pl\/?page_id=76489"},"modified":"2026-04-13T14:30:41","modified_gmt":"2026-04-13T12:30:41","slug":"ceramika-slad-weglowy","status":"publish","type":"page","link":"https:\/\/zwiazek.org.pl\/index.php\/ceramika-slad-weglowy\/","title":{"rendered":"\u015alad w\u0119glowy ceramiki"},"content":{"rendered":"<section class=\"wpb-content-wrapper\"><p>[vc_row css=&#8221;.vc_custom_1673310694952{margin-top: 20px !important;margin-bottom: 50px !important;}&#8221;][vc_column width=&#8221;2\/3&#8243;][vc_custom_heading text=&#8221;RAPORT \u201dAnaliza \u015bladu w\u0119glowego materia\u0142\u00f3w murowych\u201d&#8221; font_container=&#8221;tag:h2|text_align:left|color:%23111111&#8243; el_class=&#8221;heading-title-3&#8243;][vc_column_text]<\/p>\n<div class=\"entry-content\">\n<p>W najbli\u017cszych latach obliczanie \u015bladu w\u0119glowego stanie si\u0119 dla architekt\u00f3w obowi\u0105zkiem wynikaj\u0105cym z unijnego prawa. Oznacza to, \u017ce ju\u017c na etapie koncepcji projektowej konieczne b\u0119dzie dobieranie rozwi\u0105za\u0144 o mo\u017cliwie niskiej emisji wbudowanej.<\/p>\n<p>Jedn\u0105 z wiarygodnych publikacji na temat \u015bladu w\u0119glowego materia\u0142\u00f3w jest w\u0142a\u015bnie opublikowany Raport PLGBC pt.<em>\u00a0<\/em><a href=\"http:\/\/zwiazek.org.pl\/wp-content\/uploads\/2025\/12\/Raport-analiza-sladu-weglowego-wybranych-materialow-murowych_final.pdf\">\u201cANALIZA \u015aLADU W\u0118GLOWEGO WYBRANYCH MATERIA\u0141\u00d3W \u015aCIAN MUROWANYCH.\u201d<\/a><\/p>\n<p>Publikacja ta przedstawia por\u00f3wnanie \u015bladu w\u0119glowego trzech typowych przegr\u00f3d murowanych \u2013 z wykorzystaniem danych generycznych dost\u0119pnych na platformie FoCA. Analiza obejmuje kluczow\u0105 dla wbudowanego \u015bladu w\u0119glowego faz\u0119 A1\u2013A3 (wydobycie surowc\u00f3w, transport i proces produkcji).<\/p>\n<p>Najni\u017cszy wynik ze wszystkich por\u00f3wnywanych materia\u0142\u00f3w uzyska\u0142 pustak ceramiczny \u2013 jego emisje s\u0105 trzykrotnie ni\u017csze ni\u017c w przypadku betonu kom\u00f3rkowego oraz prawie czterokrotnie ni\u017csze ni\u017c dla bloczk\u00f3w silikatowych.<\/p>\n<p>R\u00f3\u017cnice te staj\u0105 si\u0119 szczeg\u00f3lnie widoczne w przeliczeniu na typowy dom jednorodzinny o ok.140 m\u00b2 powierzchni, co daje ok. 200 m\u00b2 powierzchni \u015bcian zewn\u0119trznych:<\/p>\n<ul class=\"wp-block-list\">\n<li><strong>Pustak ceramiczny: 2902 kg\u00a0CO\u2082e<br \/>\n<\/strong><\/li>\n<li><strong>Beton kom\u00f3rkowy: 7512 kg\u00a0CO\u2082e<br \/>\n<\/strong><\/li>\n<li><strong>Silikaty: 10 152 kg\u00a0CO\u2082e<br \/>\n<\/strong><\/li>\n<\/ul>\n<p>R\u00f3\u017cnice si\u0119gaj\u0105 zatem nawet\u00a0<strong>ponad 7 ton\u00a0CO\u2082e<\/strong>\u00a0mi\u0119dzy rozwi\u0105zaniem o najwy\u017cszym i najni\u017cszym \u015bladzie w\u0119glowym.<\/p>\n<\/div>\n<p>[\/vc_column_text][\/vc_column][vc_column width=&#8221;1\/3&#8243;][vc_custom_heading text=&#8221;PE\u0141NA TRE\u015a\u0106 RAPORTU&#8221; font_container=&#8221;tag:h3|text_align:center|color:%23111111&#8243; el_class=&#8221;heading-title-1&#8243; css=&#8221;.vc_custom_1775832416222{margin-bottom: 20px !important;}&#8221; link=&#8221;url:https%3A%2F%2Fzwiazek.org.pl%2Fwp-content%2Fuploads%2F2025%2F12%2FRaport-analiza-sladu-weglowego-wybranych-materialow-murowych_final.pdf&#8221;][vc_single_image image=&#8221;76390&#8243; img_size=&#8221;large&#8221; alignment=&#8221;center&#8221; style=&#8221;vc_box_shadow_border&#8221; onclick=&#8221;custom_link&#8221; img_link_target=&#8221;_blank&#8221; link=&#8221;https:\/\/zwiazek.org.pl\/wp-content\/uploads\/2025\/12\/Raport-analiza-sladu-weglowego-wybranych-materialow-murowych_final.pdf&#8221;][\/vc_column][\/vc_row][vc_row css=&#8221;.vc_custom_1433564288626{margin-top: 20px !important;margin-bottom: 70px !important;}&#8221;][vc_column][vc_custom_heading text=&#8221;Marek Chrobak &#8211; prezes SARP o Ceramice Budowlanej&#8221; font_container=&#8221;tag:h2|text_align:left|color:%23111111&#8243; el_class=&#8221;heading-title-3&#8243;][vc_video link=&#8221;https:\/\/youtu.be\/RqyHp5190A8&#8243;][\/vc_column][\/vc_row]<\/p>\n<\/section>","protected":false},"excerpt":{"rendered":"<p>[vc_row css=&#8221;.vc_custom_1673310694952{margin-top: 20px !important;margin-bottom: 50px !important;}&#8221;][vc_column width=&#8221;2\/3&#8243;][vc_custom_heading text=&#8221;RAPORT \u201dAnaliza \u015bladu w\u0119glowego materia\u0142\u00f3w murowych\u201d&#8221; font_container=&#8221;tag:h2|text_align:left|color:%23111111&#8243; el_class=&#8221;heading-title-3&#8243;][vc_column_text] W najbli\u017cszych latach obliczanie \u015bladu w\u0119glowego stanie si\u0119 dla architekt\u00f3w obowi\u0105zkiem wynikaj\u0105cym z unijnego prawa. Oznacza to, \u017ce ju\u017c na etapie koncepcji projektowej konieczne b\u0119dzie dobieranie rozwi\u0105za\u0144 o mo\u017cliwie niskiej emisji wbudowanej. Jedn\u0105 z wiarygodnych publikacji na temat \u015bladu w\u0119glowego [&hellip;]<\/p>\n","protected":false},"author":2,"featured_media":0,"parent":0,"menu_order":0,"comment_status":"closed","ping_status":"closed","template":"","meta":{"footnotes":""},"class_list":["post-76489","page","type-page","status-publish","hentry"],"yoast_head":"<!-- This site is optimized with the Yoast SEO plugin v22.7 - https:\/\/yoast.com\/wordpress\/plugins\/seo\/ -->\n<title>Konkurs dla student\u00f3w architektury - Zwi\u0105zek Pracodawc\u00f3w Ceramiki Budowlanej<\/title>\n<meta name=\"description\" content=\"Ide\u0105 konkursu jest budowanie \u015bwiadomo\u015bci architektury ceglanej oraz propagowanie klinkieru jako materia\u0142u elewacyjnego.\" \/>\n<meta name=\"robots\" content=\"index, follow, max-snippet:-1, max-image-preview:large, max-video-preview:-1\" \/>\n<link rel=\"canonical\" href=\"https:\/\/zwiazek.org.pl\/index.php\/ceramika-slad-weglowy\/\" \/>\n<meta property=\"og:locale\" content=\"pl_PL\" \/>\n<meta property=\"og:type\" content=\"article\" \/>\n<meta property=\"og:title\" content=\"Konkurs dla student\u00f3w architektury - Zwi\u0105zek Pracodawc\u00f3w Ceramiki Budowlanej\" \/>\n<meta property=\"og:description\" content=\"Ide\u0105 konkursu jest budowanie \u015bwiadomo\u015bci architektury ceglanej oraz propagowanie klinkieru jako materia\u0142u elewacyjnego.\" \/>\n<meta property=\"og:url\" content=\"https:\/\/zwiazek.org.pl\/index.php\/ceramika-slad-weglowy\/\" \/>\n<meta property=\"og:site_name\" content=\"Zwi\u0105zek Pracodawc\u00f3w Ceramiki Budowlanej\" \/>\n<meta property=\"article:modified_time\" content=\"2026-04-13T12:30:41+00:00\" \/>\n<meta name=\"twitter:card\" content=\"summary_large_image\" \/>\n<meta name=\"twitter:label1\" content=\"Szacowany czas czytania\" \/>\n\t<meta name=\"twitter:data1\" content=\"2 minuty\" \/>\n<script type=\"application\/ld+json\" class=\"yoast-schema-graph\">{\"@context\":\"https:\/\/schema.org\",\"@graph\":[{\"@type\":\"WebPage\",\"@id\":\"https:\/\/zwiazek.org.pl\/index.php\/ceramika-slad-weglowy\/\",\"url\":\"https:\/\/zwiazek.org.pl\/index.php\/ceramika-slad-weglowy\/\",\"name\":\"Konkurs dla student\u00f3w architektury - Zwi\u0105zek Pracodawc\u00f3w Ceramiki Budowlanej\",\"isPartOf\":{\"@id\":\"http:\/\/zwiazek.org.pl\/#website\"},\"datePublished\":\"2026-04-08T07:30:15+00:00\",\"dateModified\":\"2026-04-13T12:30:41+00:00\",\"description\":\"Ide\u0105 konkursu jest budowanie \u015bwiadomo\u015bci architektury ceglanej oraz propagowanie klinkieru jako materia\u0142u elewacyjnego.\",\"breadcrumb\":{\"@id\":\"https:\/\/zwiazek.org.pl\/index.php\/ceramika-slad-weglowy\/#breadcrumb\"},\"inLanguage\":\"pl-PL\",\"potentialAction\":[{\"@type\":\"ReadAction\",\"target\":[\"https:\/\/zwiazek.org.pl\/index.php\/ceramika-slad-weglowy\/\"]}]},{\"@type\":\"BreadcrumbList\",\"@id\":\"https:\/\/zwiazek.org.pl\/index.php\/ceramika-slad-weglowy\/#breadcrumb\",\"itemListElement\":[{\"@type\":\"ListItem\",\"position\":1,\"name\":\"Strona g\u0142\u00f3wna\",\"item\":\"http:\/\/zwiazek.org.pl\/\"},{\"@type\":\"ListItem\",\"position\":2,\"name\":\"\u015alad w\u0119glowy ceramiki\"}]},{\"@type\":\"WebSite\",\"@id\":\"http:\/\/zwiazek.org.pl\/#website\",\"url\":\"http:\/\/zwiazek.org.pl\/\",\"name\":\"Zwi\u0105zek Pracodawc\u00f3w Ceramiki Budowlanej\",\"description\":\"\",\"potentialAction\":[{\"@type\":\"SearchAction\",\"target\":{\"@type\":\"EntryPoint\",\"urlTemplate\":\"http:\/\/zwiazek.org.pl\/?s={search_term_string}\"},\"query-input\":\"required name=search_term_string\"}],\"inLanguage\":\"pl-PL\"}]}<\/script>\n<!-- \/ Yoast SEO plugin. -->","yoast_head_json":{"title":"Konkurs dla student\u00f3w architektury - Zwi\u0105zek Pracodawc\u00f3w Ceramiki Budowlanej","description":"Ide\u0105 konkursu jest budowanie \u015bwiadomo\u015bci architektury ceglanej oraz propagowanie klinkieru jako materia\u0142u elewacyjnego.","robots":{"index":"index","follow":"follow","max-snippet":"max-snippet:-1","max-image-preview":"max-image-preview:large","max-video-preview":"max-video-preview:-1"},"canonical":"https:\/\/zwiazek.org.pl\/index.php\/ceramika-slad-weglowy\/","og_locale":"pl_PL","og_type":"article","og_title":"Konkurs dla student\u00f3w architektury - Zwi\u0105zek Pracodawc\u00f3w Ceramiki Budowlanej","og_description":"Ide\u0105 konkursu jest budowanie \u015bwiadomo\u015bci architektury ceglanej oraz propagowanie klinkieru jako materia\u0142u elewacyjnego.","og_url":"https:\/\/zwiazek.org.pl\/index.php\/ceramika-slad-weglowy\/","og_site_name":"Zwi\u0105zek Pracodawc\u00f3w Ceramiki Budowlanej","article_modified_time":"2026-04-13T12:30:41+00:00","twitter_card":"summary_large_image","twitter_misc":{"Szacowany czas czytania":"2 minuty"},"schema":{"@context":"https:\/\/schema.org","@graph":[{"@type":"WebPage","@id":"https:\/\/zwiazek.org.pl\/index.php\/ceramika-slad-weglowy\/","url":"https:\/\/zwiazek.org.pl\/index.php\/ceramika-slad-weglowy\/","name":"Konkurs dla student\u00f3w architektury - Zwi\u0105zek Pracodawc\u00f3w Ceramiki Budowlanej","isPartOf":{"@id":"http:\/\/zwiazek.org.pl\/#website"},"datePublished":"2026-04-08T07:30:15+00:00","dateModified":"2026-04-13T12:30:41+00:00","description":"Ide\u0105 konkursu jest budowanie \u015bwiadomo\u015bci architektury ceglanej oraz propagowanie klinkieru jako materia\u0142u elewacyjnego.","breadcrumb":{"@id":"https:\/\/zwiazek.org.pl\/index.php\/ceramika-slad-weglowy\/#breadcrumb"},"inLanguage":"pl-PL","potentialAction":[{"@type":"ReadAction","target":["https:\/\/zwiazek.org.pl\/index.php\/ceramika-slad-weglowy\/"]}]},{"@type":"BreadcrumbList","@id":"https:\/\/zwiazek.org.pl\/index.php\/ceramika-slad-weglowy\/#breadcrumb","itemListElement":[{"@type":"ListItem","position":1,"name":"Strona g\u0142\u00f3wna","item":"http:\/\/zwiazek.org.pl\/"},{"@type":"ListItem","position":2,"name":"\u015alad w\u0119glowy ceramiki"}]},{"@type":"WebSite","@id":"http:\/\/zwiazek.org.pl\/#website","url":"http:\/\/zwiazek.org.pl\/","name":"Zwi\u0105zek Pracodawc\u00f3w Ceramiki Budowlanej","description":"","potentialAction":[{"@type":"SearchAction","target":{"@type":"EntryPoint","urlTemplate":"http:\/\/zwiazek.org.pl\/?s={search_term_string}"},"query-input":"required name=search_term_string"}],"inLanguage":"pl-PL"}]}},"_links":{"self":[{"href":"https:\/\/zwiazek.org.pl\/index.php\/wp-json\/wp\/v2\/pages\/76489","targetHints":{"allow":["GET"]}}],"collection":[{"href":"https:\/\/zwiazek.org.pl\/index.php\/wp-json\/wp\/v2\/pages"}],"about":[{"href":"https:\/\/zwiazek.org.pl\/index.php\/wp-json\/wp\/v2\/types\/page"}],"author":[{"embeddable":true,"href":"https:\/\/zwiazek.org.pl\/index.php\/wp-json\/wp\/v2\/users\/2"}],"replies":[{"embeddable":true,"href":"https:\/\/zwiazek.org.pl\/index.php\/wp-json\/wp\/v2\/comments?post=76489"}],"version-history":[{"count":7,"href":"https:\/\/zwiazek.org.pl\/index.php\/wp-json\/wp\/v2\/pages\/76489\/revisions"}],"predecessor-version":[{"id":76504,"href":"https:\/\/zwiazek.org.pl\/index.php\/wp-json\/wp\/v2\/pages\/76489\/revisions\/76504"}],"wp:attachment":[{"href":"https:\/\/zwiazek.org.pl\/index.php\/wp-json\/wp\/v2\/media?parent=76489"}],"curies":[{"name":"wp","href":"https:\/\/api.w.org\/{rel}","templated":true}]}}